{"id":2330,"date":"2024-03-13T14:12:54","date_gmt":"2024-03-13T14:12:54","guid":{"rendered":"https:\/\/mao-monaco.org\/2025\/?page_id=2330"},"modified":"2024-05-22T09:15:40","modified_gmt":"2024-05-22T09:15:40","slug":"le-mot-du-president-2","status":"publish","type":"page","link":"https:\/\/mao-monaco.org\/2025\/?page_id=2330","title":{"rendered":"Le Mot du Pr\u00e9sident"},"content":{"rendered":"\t\t<div data-elementor-type=\"wp-page\" data-elementor-id=\"2330\" class=\"elementor elementor-2330\" data-elementor-post-type=\"page\">\n\t\t\t\t\t\t<section class=\"elementor-section elementor-top-section elementor-element elementor-element-c7c08c5 elementor-section-boxed elementor-section-height-default elementor-section-height-default\" data-id=\"c7c08c5\" data-element_type=\"section\" data-e-type=\"section\" data-settings=\"{&quot;ekit_has_onepagescroll_dot&quot;:&quot;yes&quot;}\">\n\t\t\t\t\t\t<div class=\"elementor-container elementor-column-gap-default\">\n\t\t\t\t\t<div class=\"elementor-column elementor-col-50 elementor-top-column elementor-element elementor-element-80a523a\" data-id=\"80a523a\" data-element_type=\"column\" data-e-type=\"column\">\n\t\t\t<div class=\"elementor-widget-wrap elementor-element-populated\">\n\t\t\t\t\t\t<div class=\"elementor-element elementor-element-e68d165 elementor-widget__width-initial elementor-widget elementor-widget-image\" data-id=\"e68d165\" data-element_type=\"widget\" data-e-type=\"widget\" data-settings=\"{&quot;ekit_we_effect_on&quot;:&quot;none&quot;}\" data-widget_type=\"image.default\">\n\t\t\t\t<div class=\"elementor-widget-container\">\n\t\t\t\t\t\t\t\t\t\t\t\t\t\t\t<img loading=\"lazy\" decoding=\"async\" width=\"350\" height=\"350\" src=\"https:\/\/mao-monaco.org\/2025\/wp-content\/uploads\/2024\/04\/Freyer-1.png\" class=\"attachment-large size-large wp-image-2614\" alt=\"\" srcset=\"https:\/\/mao-monaco.org\/2025\/wp-content\/uploads\/2024\/04\/Freyer-1.png 350w, https:\/\/mao-monaco.org\/2025\/wp-content\/uploads\/2024\/04\/Freyer-1-300x300.png 300w, https:\/\/mao-monaco.org\/2025\/wp-content\/uploads\/2024\/04\/Freyer-1-150x150.png 150w\" sizes=\"auto, (max-width: 350px) 100vw, 350px\" \/>\t\t\t\t\t\t\t\t\t\t\t\t\t\t\t<\/div>\n\t\t\t\t<\/div>\n\t\t\t\t\t<\/div>\n\t\t<\/div>\n\t\t\t\t<div class=\"elementor-column elementor-col-50 elementor-top-column elementor-element elementor-element-bf3f399\" data-id=\"bf3f399\" data-element_type=\"column\" data-e-type=\"column\">\n\t\t\t<div class=\"elementor-widget-wrap elementor-element-populated\">\n\t\t\t\t\t\t<div class=\"elementor-element elementor-element-4756ad1 elementor-widget elementor-widget-text-editor\" data-id=\"4756ad1\" data-element_type=\"widget\" data-e-type=\"widget\" data-settings=\"{&quot;ekit_we_effect_on&quot;:&quot;none&quot;}\" data-widget_type=\"text-editor.default\">\n\t\t\t\t<div class=\"elementor-widget-container\">\n\t\t\t\t\t\t\t\t\t<p><em>Madame, Monsieur, Cher(e) Coll\u00e8gue, <\/em><\/p>\n<p><em>C\u2019est une nouvelle fois un tr\u00e8s grand plaisir que de nous retrouver&nbsp;en Principaut\u00e9, pour&nbsp;la prochaine \u00e9dition de notre congr\u00e8s Monaco Age Oncologie. <\/em><\/p>\n<p><em>Pour cette 10<sup>\u00e8me<\/sup> \u00e9dition, nous vous donnons rendez-vous du 29 au 31 janvier 2025, et non plus en mars&nbsp;comme pr\u00e9c\u00e9demment. <\/em><\/p>\n<p><em>Suite \u00e0 la satisfaction g\u00e9n\u00e9rale des participants \u00e0 l\u2019\u00e9dition 2023, le MAO reprendra place au Monte-Carlo Congress Centre qui nous offrira de beaux espaces et une excellente&nbsp;qualit\u00e9 d\u2019interaction. <\/em><\/p>\n<p><em>Nous y c\u00e9l\u00e9brerons comme toujours l\u2019esprit de collaboration et d\u2019amiti\u00e9 qui r\u00e9unit g\u00e9riatres, oncologues et soignants au sens large du terme, autour des probl\u00e9matiques difficiles de la prise en charge des patients \u00e2g\u00e9s atteints de cancer. C&#8217;est ainsi que le docteur Michel H\u00e9ry, cr\u00e9ateur du MAO, avait envisag\u00e9 ce congr\u00e8s: convivial, pluridisciplinaire, de haut niveau scientifique et up-to-date ! En vous accueillant encore une fois en Principaut\u00e9 d\u00e9but 2025, nous honorerons la m\u00e9moire de cet ami aussi sympathique que visionnaire.<\/em><\/p>\n<p><em>Quelques th\u00e9matiques phares pour cette \u00e9dition 2025 : <\/em><\/p>\n<ul>\n<li><em>Le r\u00f4le de la biologie mol\u00e9culaire en oncog\u00e9riatrie aujourd&#8217;hui <\/em><\/li>\n<li><em>Les ADC: aspects pharmacologiques et cliniques <\/em><\/li>\n<li><em>Accompagnement des nouvelles th\u00e9rapeutiques : \u00e9valuation g\u00e9riatrique et parcours des soins <\/em><\/li>\n<li><em>Les \u00e9volutions de la radioth\u00e9rapie applicables aux personnes \u00e2g\u00e9es <\/em><\/li>\n<li><em>Les jeunes de la SoFOG au MAO <\/em><\/li>\n<li><em>Controverse : l\u2019\u00e9valuation g\u00e9riatrique doit-elle encore servir \u00e0 adapter la th\u00e9rapeutique ? pour \/ contre<\/em><\/li>\n<li><em>Sessions RCP dans diff\u00e9rents cancers d\u2019organes <\/em><\/li>\n<li><em>Et d\u2019autres sessions transversales traitant des diff\u00e9rents cancers d\u2019organes, tout en restant cibl\u00e9es sur les patients \u00e2g\u00e9s. <\/em><\/li>\n<\/ul>\n<p><em>Enfin, cette 10\u00e8me \u00e9dition du Monaco Age Oncologie sera inaugur\u00e9e pour la journ\u00e9e du 29 janvier par des Ateliers&nbsp;pratiques:&nbsp;&nbsp;le Workshop Acc\u00e9l\u00e9r\u00e9 en Oncologie, sur diff\u00e9rentes&nbsp;th\u00e9matiques, pour permettre aux inscrits de b\u00e9n\u00e9ficier d\u2019un temps d\u2019\u00e9change privil\u00e9gi\u00e9 avec des Experts de ces th\u00e9matiques, en petits groupes de travail.&nbsp;Cette formule, d\u00e9j\u00e0 propos\u00e9e \u00e0 l&#8217;occasion du MAO 2023 et de la Biennale 2024, a beaucoup s\u00e9duit les participants, n&#8217;h\u00e9sitez pas \u00e0 la faire conna\u00eetre autour de vous !<\/em><\/p>\n<p><em>Dans l\u2019attente du plaisir de vous revoir \u00e0 Monaco, <\/em><\/p>\n<p><em>Cordialement. <\/em><\/p>\t\t\t\t\t\t\t\t<\/div>\n\t\t\t\t<\/div>\n\t\t\t\t<div class=\"elementor-element elementor-element-40da3c7 elementor-widget elementor-widget-text-editor\" data-id=\"40da3c7\" data-element_type=\"widget\" data-e-type=\"widget\" data-settings=\"{&quot;ekit_we_effect_on&quot;:&quot;none&quot;}\" data-widget_type=\"text-editor.default\">\n\t\t\t\t<div class=\"elementor-widget-container\">\n\t\t\t\t\t\t\t\t\t<p><em>Gilles Freyer<\/em><\/p><p><em>Pr\u00e9sident du Comit\u00e9 Organisateur du 10<sup>\u00e8me<\/sup> Monaco Age Oncologie<\/em><\/p>\t\t\t\t\t\t\t\t<\/div>\n\t\t\t\t<\/div>\n\t\t\t\t\t<\/div>\n\t\t<\/div>\n\t\t\t\t\t<\/div>\n\t\t<\/section>\n\t\t\t\t<\/div>\n\t\t <script type=\"text\/javascript\"> if (typeof(f_tFlgVISA) === typeof(Function))  \tf_tFlgVISA(null);  if (typeof(f_tFlgAllergia) === typeof(Function))  \tf_tFlgAllergia(null);  if (typeof(f_IDTipologia) === typeof(Function)) {  \tvar eObjTYPE = document.getElementById(\"id_IDTipologia\");  \tf_IDTipologia(eObjTYPE);  }  if (typeof(f_IDAttivita) === typeof(Function)) {  \tvar etFlgActivity = document.getElementById(\"id_IDAttivita\");  \tf_IDAttivita(etFlgActivity);  }  if (typeof(f_IDNazionalita) === typeof(Function)) {  \tvar etFlgNazionalita = document.getElementById(\"id_IDNazionalita\");  \tf_IDNazionalita(etFlgNazionalita);  }  if (typeof(f_IndFattIDNazione) === typeof(Function))  \tf_IndFattIDNazione(null);  if (typeof(f_IDDomanda13834) === typeof(Function)) {  \tvar etFlgDomanda13834 = document.getElementById(\"id_IDDomanda13834\");  \tif (etFlgDomanda13834 != null) {  \t\tf_IDDomanda13834(etFlgDomanda13834);  \t}  }  if (typeof(f_IDDomanda13836) === typeof(Function)) {  \tvar etFlgDomanda13836 = document.getElementById(\"id_IDDomanda13836\");  \tif (etFlgDomanda13836 != null) {  \t\tf_IDDomanda13836(etFlgDomanda13836);  \t}  }  if (typeof(f_IDDomanda13871) === typeof(Function)) {  \tvar etFlgDomanda13871 = document.getElementById(\"id_IDDomanda13871\");  \tif (etFlgDomanda13871 != null) {  \t\tf_IDDomanda13871(etFlgDomanda13871);  \t}  }  if (typeof(f_IDDomanda13875) === typeof(Function)) {  \tvar etFlgDomanda13875 = document.getElementById(\"id_IDDomanda13875\");  \tif (etFlgDomanda13875 != null) {  \t\tf_IDDomanda13875(etFlgDomanda13875);  \t}  }  if (typeof(f_IDDomanda13873) === typeof(Function)) {  \tvar etFlgDomanda13873 = document.getElementById(\"id_IDDomanda13873\");  \tif (etFlgDomanda13873 != null) {  \t\tf_IDDomanda13873(etFlgDomanda13873);  \t}  }  if (typeof(f_IDDomanda14691) === typeof(Function)) {  \tvar etFlgDomanda14691 = document.getElementById(\"id_IDDomanda14691\");  \tif (etFlgDomanda14691 != null) {  \t\tf_IDDomanda14691(etFlgDomanda14691);  \t}  }  if (typeof(f_IDDomanda14693) === typeof(Function)) {  \tvar etFlgDomanda14693 = document.getElementById(\"id_IDDomanda14693\");  \tif (etFlgDomanda14693 != null) {  \t\tf_IDDomanda14693(etFlgDomanda14693);  \t}  }  if (typeof(f_IDDomanda14814) === typeof(Function)) {  \tvar etFlgDomanda14814 = document.getElementById(\"id_IDDomanda14814\");  \tif (etFlgDomanda14814 != null) {  \t\tf_IDDomanda14814(etFlgDomanda14814);  \t}  }  <\/script>","protected":false},"excerpt":{"rendered":"<p>Madame, Monsieur, Cher(e) Coll\u00e8gue, C\u2019est une nouvelle fois un tr\u00e8s grand plaisir que de nous retrouver&nbsp;en Principaut\u00e9, pour&nbsp;la prochaine \u00e9dition de notre congr\u00e8s Monaco Age Oncologie. Pour cette 10\u00e8me \u00e9dition, nous vous donnons rendez-vous du 29 au 31 janvier 2025, et non plus en mars&nbsp;comme pr\u00e9c\u00e9demment. Suite \u00e0 la satisfaction g\u00e9n\u00e9rale des participants \u00e0 l\u2019\u00e9dition [&hellip;]<\/p>\n","protected":false},"author":3,"featured_media":0,"parent":0,"menu_order":0,"comment_status":"closed","ping_status":"closed","template":"","meta":{"footnotes":""},"class_list":["post-2330","page","type-page","status-publish","hentry"],"_links":{"self":[{"href":"https:\/\/mao-monaco.org\/2025\/index.php?rest_route=\/wp\/v2\/pages\/2330","targetHints":{"allow":["GET"]}}],"collection":[{"href":"https:\/\/mao-monaco.org\/2025\/index.php?rest_route=\/wp\/v2\/pages"}],"about":[{"href":"https:\/\/mao-monaco.org\/2025\/index.php?rest_route=\/wp\/v2\/types\/page"}],"author":[{"embeddable":true,"href":"https:\/\/mao-monaco.org\/2025\/index.php?rest_route=\/wp\/v2\/users\/3"}],"replies":[{"embeddable":true,"href":"https:\/\/mao-monaco.org\/2025\/index.php?rest_route=%2Fwp%2Fv2%2Fcomments&post=2330"}],"version-history":[{"count":13,"href":"https:\/\/mao-monaco.org\/2025\/index.php?rest_route=\/wp\/v2\/pages\/2330\/revisions"}],"predecessor-version":[{"id":3398,"href":"https:\/\/mao-monaco.org\/2025\/index.php?rest_route=\/wp\/v2\/pages\/2330\/revisions\/3398"}],"wp:attachment":[{"href":"https:\/\/mao-monaco.org\/2025\/index.php?rest_route=%2Fwp%2Fv2%2Fmedia&parent=2330"}],"curies":[{"name":"wp","href":"https:\/\/api.w.org\/{rel}","templated":true}]}}