{"id":2346,"date":"2024-03-14T10:02:57","date_gmt":"2024-03-14T10:02:57","guid":{"rendered":"https:\/\/mao-monaco.org\/2025\/?page_id=2346"},"modified":"2025-03-24T12:35:53","modified_gmt":"2025-03-24T12:35:53","slug":"evenements-associes-2","status":"publish","type":"page","link":"https:\/\/mao-monaco.org\/2025\/?page_id=2346","title":{"rendered":"\u00c9v\u00e8nements associ\u00e9s"},"content":{"rendered":"\t\t<div data-elementor-type=\"wp-page\" data-elementor-id=\"2346\" class=\"elementor elementor-2346\" data-elementor-post-type=\"page\">\n\t\t\t\t\t\t<section class=\"elementor-section elementor-top-section elementor-element elementor-element-bb42bf3 elementor-section-boxed elementor-section-height-default elementor-section-height-default\" data-id=\"bb42bf3\" data-element_type=\"section\" data-e-type=\"section\" data-settings=\"{&quot;ekit_has_onepagescroll_dot&quot;:&quot;yes&quot;}\">\n\t\t\t\t\t\t<div class=\"elementor-container elementor-column-gap-default\">\n\t\t\t\t\t<div class=\"elementor-column elementor-col-100 elementor-top-column elementor-element elementor-element-32628ca\" data-id=\"32628ca\" data-element_type=\"column\" data-e-type=\"column\">\n\t\t\t<div class=\"elementor-widget-wrap elementor-element-populated\">\n\t\t\t\t\t\t<div class=\"elementor-element elementor-element-7d8daa0 ekit-equal-height-disable elementor-widget elementor-widget-elementskit-icon-box\" data-id=\"7d8daa0\" data-element_type=\"widget\" data-e-type=\"widget\" data-settings=\"{&quot;ekit_we_effect_on&quot;:&quot;none&quot;}\" data-widget_type=\"elementskit-icon-box.default\">\n\t\t\t\t<div class=\"elementor-widget-container\">\n\t\t\t\t\t<div class=\"ekit-wid-con\" >        <!-- link opening -->\n                <a href=\"https:\/\/afic-association.org\/rio\/\" class=\"ekit_global_links\">\n                <!-- end link opening -->\n\n        <div class=\"elementskit-infobox text- text-left icon-lef-right-aligin elementor-animation- media  \">\n                            <div class=\"elementskit-box-header\">\n                <div class=\"elementskit-info-box-icon text-center\">\n                    <img loading=\"lazy\" decoding=\"async\" width=\"834\" height=\"195\" src=\"https:\/\/mao-monaco.org\/2025\/wp-content\/uploads\/2025\/01\/banniere-RIO-2025.jpg\" class=\"attachment- size-\" alt=\"\" srcset=\"https:\/\/mao-monaco.org\/2025\/wp-content\/uploads\/2025\/01\/banniere-RIO-2025.jpg 834w, https:\/\/mao-monaco.org\/2025\/wp-content\/uploads\/2025\/01\/banniere-RIO-2025-300x70.jpg 300w, https:\/\/mao-monaco.org\/2025\/wp-content\/uploads\/2025\/01\/banniere-RIO-2025-768x180.jpg 768w\" sizes=\"auto, (max-width: 834px) 100vw, 834px\" \/>                <\/div>\n          <\/div>\n                <div class=\"box-body\">\n                            <h3 class=\"elementskit-info-box-title\">\n                    Rencontres Infirmi\u00e8res en Oncologie                <\/h3>\n                        \t\t  \t<p>22 mars 2025, Paris \n<br>\n<br>\nafic-association.org\/rio<\/p>\n                                <\/div>\n        \n        \n                <\/div>\n                <\/a>\n        <\/div>\t\t\t\t<\/div>\n\t\t\t\t<\/div>\n\t\t\t\t<div class=\"elementor-element elementor-element-8fe5e2a ekit-equal-height-disable elementor-widget elementor-widget-elementskit-icon-box\" data-id=\"8fe5e2a\" data-element_type=\"widget\" data-e-type=\"widget\" data-settings=\"{&quot;ekit_we_effect_on&quot;:&quot;none&quot;}\" data-widget_type=\"elementskit-icon-box.default\">\n\t\t\t\t<div class=\"elementor-widget-container\">\n\t\t\t\t\t<div class=\"ekit-wid-con\" >        <!-- link opening -->\n                <a href=\"https:\/\/www.senologie.com\/\" class=\"ekit_global_links\">\n                <!-- end link opening -->\n\n        <div class=\"elementskit-infobox text- text-left icon-lef-right-aligin elementor-animation- media  \">\n                            <div class=\"elementskit-box-header\">\n                <div class=\"elementskit-info-box-icon text-center\">\n                    <img decoding=\"async\" width=\"450\" height=\"250\" src=\"https:\/\/mao-monaco.org\/2025\/wp-content\/uploads\/2024\/11\/Banniere-Agenda-BORDEAUX2025-450x250px.jpg\" class=\"attachment- size-\" alt=\"\" loading=\"lazy\" srcset=\"https:\/\/mao-monaco.org\/2025\/wp-content\/uploads\/2024\/11\/Banniere-Agenda-BORDEAUX2025-450x250px.jpg 450w, https:\/\/mao-monaco.org\/2025\/wp-content\/uploads\/2024\/11\/Banniere-Agenda-BORDEAUX2025-450x250px-300x167.jpg 300w\" sizes=\"auto, (max-width: 450px) 100vw, 450px\" \/>                <\/div>\n          <\/div>\n                <div class=\"box-body\">\n                            <h3 class=\"elementskit-info-box-title\">\n                    46\u00e8mes Journ\u00e9es de la SFSPM                <\/h3>\n                        \t\t  \t<p>19-21 novembre 2025, Bordeaux <br>\n<br>\nsenologie.com<\/p>\n                                <\/div>\n        \n        \n                <\/div>\n                <\/a>\n        <\/div>\t\t\t\t<\/div>\n\t\t\t\t<\/div>\n\t\t\t\t<div class=\"elementor-element elementor-element-5103a95 ekit-equal-height-disable elementor-widget elementor-widget-elementskit-icon-box\" data-id=\"5103a95\" data-element_type=\"widget\" data-e-type=\"widget\" data-settings=\"{&quot;ekit_we_effect_on&quot;:&quot;none&quot;}\" data-widget_type=\"elementskit-icon-box.default\">\n\t\t\t\t<div class=\"elementor-widget-container\">\n\t\t\t\t\t<div class=\"ekit-wid-con\" >        <!-- link opening -->\n                <a href=\"https:\/\/www.biennalecancerologie.org\/\" class=\"ekit_global_links\">\n                <!-- end link opening -->\n\n        <div class=\"elementskit-infobox text- text-left icon-lef-right-aligin elementor-animation- media  \">\n                            <div class=\"elementskit-box-header\">\n                <div class=\"elementskit-info-box-icon text-center\">\n                    <img decoding=\"async\" width=\"2560\" height=\"1440\" src=\"https:\/\/mao-monaco.org\/2025\/wp-content\/uploads\/2024\/04\/BMC2026_Banner-scaled.jpg\" class=\"attachment- size-\" alt=\"\" loading=\"lazy\" srcset=\"https:\/\/mao-monaco.org\/2025\/wp-content\/uploads\/2024\/04\/BMC2026_Banner-scaled.jpg 2560w, https:\/\/mao-monaco.org\/2025\/wp-content\/uploads\/2024\/04\/BMC2026_Banner-300x169.jpg 300w, https:\/\/mao-monaco.org\/2025\/wp-content\/uploads\/2024\/04\/BMC2026_Banner-1024x576.jpg 1024w, https:\/\/mao-monaco.org\/2025\/wp-content\/uploads\/2024\/04\/BMC2026_Banner-768x432.jpg 768w, https:\/\/mao-monaco.org\/2025\/wp-content\/uploads\/2024\/04\/BMC2026_Banner-1536x864.jpg 1536w, https:\/\/mao-monaco.org\/2025\/wp-content\/uploads\/2024\/04\/BMC2026_Banner-2048x1152.jpg 2048w\" sizes=\"auto, (max-width: 2560px) 100vw, 2560px\" \/>                <\/div>\n          <\/div>\n                <div class=\"box-body\">\n                            <h3 class=\"elementskit-info-box-title\">\n                    17\u00e8me Biennale Mon\u00e9gasque de Canc\u00e9rologie                <\/h3>\n                        \t\t  \t<p>27-30 janvier 2026, Monaco \n<br>\n<br>\nbiennalecancerologie.org<\/p>\n                                <\/div>\n        \n        \n                <\/div>\n                <\/a>\n        <\/div>\t\t\t\t<\/div>\n\t\t\t\t<\/div>\n\t\t\t\t\t<\/div>\n\t\t<\/div>\n\t\t\t\t\t<\/div>\n\t\t<\/section>\n\t\t\t\t<\/div>\n\t\t <script type=\"text\/javascript\"> if (typeof(f_tFlgVISA) === typeof(Function))  \tf_tFlgVISA(null);  if (typeof(f_tFlgAllergia) === typeof(Function))  \tf_tFlgAllergia(null);  if (typeof(f_IDTipologia) === typeof(Function)) {  \tvar eObjTYPE = document.getElementById(\"id_IDTipologia\");  \tf_IDTipologia(eObjTYPE);  }  if (typeof(f_IDAttivita) === typeof(Function)) {  \tvar etFlgActivity = document.getElementById(\"id_IDAttivita\");  \tf_IDAttivita(etFlgActivity);  }  if (typeof(f_IDNazionalita) === typeof(Function)) {  \tvar etFlgNazionalita = document.getElementById(\"id_IDNazionalita\");  \tf_IDNazionalita(etFlgNazionalita);  }  if (typeof(f_IndFattIDNazione) === typeof(Function))  \tf_IndFattIDNazione(null);  if (typeof(f_IDDomanda13834) === typeof(Function)) {  \tvar etFlgDomanda13834 = document.getElementById(\"id_IDDomanda13834\");  \tif (etFlgDomanda13834 != null) {  \t\tf_IDDomanda13834(etFlgDomanda13834);  \t}  }  if (typeof(f_IDDomanda13836) === typeof(Function)) {  \tvar etFlgDomanda13836 = document.getElementById(\"id_IDDomanda13836\");  \tif (etFlgDomanda13836 != null) {  \t\tf_IDDomanda13836(etFlgDomanda13836);  \t}  }  if (typeof(f_IDDomanda13871) === typeof(Function)) {  \tvar etFlgDomanda13871 = document.getElementById(\"id_IDDomanda13871\");  \tif (etFlgDomanda13871 != null) {  \t\tf_IDDomanda13871(etFlgDomanda13871);  \t}  }  if (typeof(f_IDDomanda13875) === typeof(Function)) {  \tvar etFlgDomanda13875 = document.getElementById(\"id_IDDomanda13875\");  \tif (etFlgDomanda13875 != null) {  \t\tf_IDDomanda13875(etFlgDomanda13875);  \t}  }  if (typeof(f_IDDomanda13873) === typeof(Function)) {  \tvar etFlgDomanda13873 = document.getElementById(\"id_IDDomanda13873\");  \tif (etFlgDomanda13873 != null) {  \t\tf_IDDomanda13873(etFlgDomanda13873);  \t}  }  if (typeof(f_IDDomanda14691) === typeof(Function)) {  \tvar etFlgDomanda14691 = document.getElementById(\"id_IDDomanda14691\");  \tif (etFlgDomanda14691 != null) {  \t\tf_IDDomanda14691(etFlgDomanda14691);  \t}  }  if (typeof(f_IDDomanda14693) === typeof(Function)) {  \tvar etFlgDomanda14693 = document.getElementById(\"id_IDDomanda14693\");  \tif (etFlgDomanda14693 != null) {  \t\tf_IDDomanda14693(etFlgDomanda14693);  \t}  }  if (typeof(f_IDDomanda14814) === typeof(Function)) {  \tvar etFlgDomanda14814 = document.getElementById(\"id_IDDomanda14814\");  \tif (etFlgDomanda14814 != null) {  \t\tf_IDDomanda14814(etFlgDomanda14814);  \t}  }  <\/script>","protected":false},"excerpt":{"rendered":"<p>Rencontres Infirmi\u00e8res en Oncologie 22 mars 2025, Paris afic-association.org\/rio 46\u00e8mes Journ\u00e9es de la SFSPM 19-21 novembre 2025, Bordeaux senologie.com 17\u00e8me Biennale Mon\u00e9gasque de Canc\u00e9rologie 27-30 janvier 2026, Monaco biennalecancerologie.org<\/p>\n","protected":false},"author":3,"featured_media":0,"parent":0,"menu_order":0,"comment_status":"closed","ping_status":"closed","template":"","meta":{"footnotes":""},"class_list":["post-2346","page","type-page","status-publish","hentry"],"_links":{"self":[{"href":"https:\/\/mao-monaco.org\/2025\/index.php?rest_route=\/wp\/v2\/pages\/2346","targetHints":{"allow":["GET"]}}],"collection":[{"href":"https:\/\/mao-monaco.org\/2025\/index.php?rest_route=\/wp\/v2\/pages"}],"about":[{"href":"https:\/\/mao-monaco.org\/2025\/index.php?rest_route=\/wp\/v2\/types\/page"}],"author":[{"embeddable":true,"href":"https:\/\/mao-monaco.org\/2025\/index.php?rest_route=\/wp\/v2\/users\/3"}],"replies":[{"embeddable":true,"href":"https:\/\/mao-monaco.org\/2025\/index.php?rest_route=%2Fwp%2Fv2%2Fcomments&post=2346"}],"version-history":[{"count":103,"href":"https:\/\/mao-monaco.org\/2025\/index.php?rest_route=\/wp\/v2\/pages\/2346\/revisions"}],"predecessor-version":[{"id":4809,"href":"https:\/\/mao-monaco.org\/2025\/index.php?rest_route=\/wp\/v2\/pages\/2346\/revisions\/4809"}],"wp:attachment":[{"href":"https:\/\/mao-monaco.org\/2025\/index.php?rest_route=%2Fwp%2Fv2%2Fmedia&parent=2346"}],"curies":[{"name":"wp","href":"https:\/\/api.w.org\/{rel}","templated":true}]}}