{"id":2851,"date":"2024-04-15T09:05:40","date_gmt":"2024-04-15T09:05:40","guid":{"rendered":"https:\/\/mao-monaco.org\/2025\/?page_id=2851"},"modified":"2024-06-27T13:32:00","modified_gmt":"2024-06-27T13:32:00","slug":"presentation-du-workshop","status":"publish","type":"page","link":"https:\/\/mao-monaco.org\/2025\/?page_id=2851","title":{"rendered":"Pr\u00e9sentation des ateliers"},"content":{"rendered":"\t\t<div data-elementor-type=\"wp-page\" data-elementor-id=\"2851\" class=\"elementor elementor-2851\" data-elementor-post-type=\"page\">\n\t\t\t\t\t\t<section class=\"elementor-section elementor-top-section elementor-element elementor-element-f77916d elementor-section-boxed elementor-section-height-default elementor-section-height-default\" data-id=\"f77916d\" data-element_type=\"section\" data-e-type=\"section\" data-settings=\"{&quot;ekit_has_onepagescroll_dot&quot;:&quot;yes&quot;}\">\n\t\t\t\t\t\t<div class=\"elementor-container elementor-column-gap-default\">\n\t\t\t\t\t<div class=\"elementor-column elementor-col-50 elementor-top-column elementor-element elementor-element-296eaf0\" data-id=\"296eaf0\" data-element_type=\"column\" data-e-type=\"column\">\n\t\t\t<div class=\"elementor-widget-wrap elementor-element-populated\">\n\t\t\t\t\t\t<div class=\"elementor-element elementor-element-798a8aa elementor-widget elementor-widget-image\" data-id=\"798a8aa\" data-element_type=\"widget\" data-e-type=\"widget\" data-settings=\"{&quot;ekit_we_effect_on&quot;:&quot;none&quot;}\" data-widget_type=\"image.default\">\n\t\t\t\t<div class=\"elementor-widget-container\">\n\t\t\t\t\t\t\t\t\t\t\t\t\t\t\t<img loading=\"lazy\" decoding=\"async\" width=\"800\" height=\"384\" src=\"https:\/\/mao-monaco.org\/2025\/wp-content\/uploads\/2024\/04\/wao-1024x492.png\" class=\"attachment-large size-large wp-image-2854\" alt=\"\" srcset=\"https:\/\/mao-monaco.org\/2025\/wp-content\/uploads\/2024\/04\/wao-1024x492.png 1024w, https:\/\/mao-monaco.org\/2025\/wp-content\/uploads\/2024\/04\/wao-300x144.png 300w, https:\/\/mao-monaco.org\/2025\/wp-content\/uploads\/2024\/04\/wao-768x369.png 768w, https:\/\/mao-monaco.org\/2025\/wp-content\/uploads\/2024\/04\/wao-1536x738.png 1536w, https:\/\/mao-monaco.org\/2025\/wp-content\/uploads\/2024\/04\/wao-2048x985.png 2048w\" sizes=\"auto, (max-width: 800px) 100vw, 800px\" \/>\t\t\t\t\t\t\t\t\t\t\t\t\t\t\t<\/div>\n\t\t\t\t<\/div>\n\t\t\t\t\t<\/div>\n\t\t<\/div>\n\t\t\t\t<div class=\"elementor-column elementor-col-50 elementor-top-column elementor-element elementor-element-25abb81\" data-id=\"25abb81\" data-element_type=\"column\" data-e-type=\"column\">\n\t\t\t<div class=\"elementor-widget-wrap elementor-element-populated\">\n\t\t\t\t\t\t<div class=\"elementor-element elementor-element-2a8f434 elementor-widget elementor-widget-text-editor\" data-id=\"2a8f434\" data-element_type=\"widget\" data-e-type=\"widget\" data-settings=\"{&quot;ekit_we_effect_on&quot;:&quot;none&quot;}\" data-widget_type=\"text-editor.default\">\n\t\t\t\t<div class=\"elementor-widget-container\">\n\t\t\t\t\t\t\t\t\t<h1 style=\"color: #e40f18; font-size: 40px;\"><strong>\u00abMeet the experts\u00bb<\/strong><\/h1><h3 style=\"color: #e40f18; font-size: 25px;\"><strong>Mercredi 29 janvier 2025 <\/strong><\/h3><p><span style=\"color: var( --e-global-color-text ); font-family: var( --e-global-typography-text-font-family ), Sans-serif; font-weight: var( --e-global-typography-text-font-weight );\">Sur inscription compl\u00e9mentaire<\/span><\/p>\t\t\t\t\t\t\t\t<\/div>\n\t\t\t\t<\/div>\n\t\t\t\t\t<\/div>\n\t\t<\/div>\n\t\t\t\t\t<\/div>\n\t\t<\/section>\n\t\t\t\t<section class=\"elementor-section elementor-top-section elementor-element elementor-element-86378d6 elementor-section-boxed elementor-section-height-default elementor-section-height-default\" data-id=\"86378d6\" data-element_type=\"section\" data-e-type=\"section\" data-settings=\"{&quot;background_background&quot;:&quot;classic&quot;,&quot;ekit_has_onepagescroll_dot&quot;:&quot;yes&quot;}\">\n\t\t\t\t\t\t<div class=\"elementor-container elementor-column-gap-default\">\n\t\t\t\t\t<div class=\"elementor-column elementor-col-100 elementor-top-column elementor-element elementor-element-1e73b1d\" data-id=\"1e73b1d\" data-element_type=\"column\" data-e-type=\"column\">\n\t\t\t<div class=\"elementor-widget-wrap elementor-element-populated\">\n\t\t\t\t\t\t<div class=\"elementor-element elementor-element-07756c0 elementor-widget elementor-widget-heading\" data-id=\"07756c0\" data-element_type=\"widget\" data-e-type=\"widget\" data-settings=\"{&quot;ekit_we_effect_on&quot;:&quot;none&quot;}\" data-widget_type=\"heading.default\">\n\t\t\t\t<div class=\"elementor-widget-container\">\n\t\t\t\t\t<h2 class=\"elementor-heading-title elementor-size-default\">Qu\u2019est-ce que les ateliers du Workshop Acc\u00e9l\u00e9r\u00e9 en Oncologie ?<\/h2>\t\t\t\t<\/div>\n\t\t\t\t<\/div>\n\t\t\t\t\t<\/div>\n\t\t<\/div>\n\t\t\t\t\t<\/div>\n\t\t<\/section>\n\t\t\t\t<section class=\"elementor-section elementor-top-section elementor-element elementor-element-6d39946 elementor-section-boxed elementor-section-height-default elementor-section-height-default\" data-id=\"6d39946\" data-element_type=\"section\" data-e-type=\"section\" data-settings=\"{&quot;ekit_has_onepagescroll_dot&quot;:&quot;yes&quot;}\">\n\t\t\t\t\t\t<div class=\"elementor-container elementor-column-gap-default\">\n\t\t\t\t\t<div class=\"elementor-column elementor-col-50 elementor-top-column elementor-element elementor-element-e326367\" data-id=\"e326367\" data-element_type=\"column\" data-e-type=\"column\">\n\t\t\t<div class=\"elementor-widget-wrap elementor-element-populated\">\n\t\t\t\t\t\t<div class=\"elementor-element elementor-element-218e9bb elementor-widget elementor-widget-text-editor\" data-id=\"218e9bb\" data-element_type=\"widget\" data-e-type=\"widget\" data-settings=\"{&quot;ekit_we_effect_on&quot;:&quot;none&quot;}\" data-widget_type=\"text-editor.default\">\n\t\t\t\t<div class=\"elementor-widget-container\">\n\t\t\t\t\t\t\t\t\tUn training intensif \u00e0 l\u2019attention des oncologues, quelle que soit leur pratique, g\u00e9n\u00e9raliste ou plus, sp\u00e9cialis\u00e9e sous forme d\u2019ateliers-rencontres avec des experts reconnus dans leur domaine. \t\t\t\t\t\t\t\t<\/div>\n\t\t\t\t<\/div>\n\t\t\t\t<div class=\"elementor-element elementor-element-eaf09af elementor-widget elementor-widget-text-editor\" data-id=\"eaf09af\" data-element_type=\"widget\" data-e-type=\"widget\" data-settings=\"{&quot;ekit_we_effect_on&quot;:&quot;none&quot;}\" data-widget_type=\"text-editor.default\">\n\t\t\t\t<div class=\"elementor-widget-container\">\n\t\t\t\t\t\t\t\t\t<p>\u00ab\u00a0<em>Des ateliers regroupant\u00a0<strong>15 participants au maximum<\/strong>, en prise directe avec un expert par th\u00e9matique, qui d\u00e9clinera en synth\u00e8se toutes les actualit\u00e9s \u00ab practice changing \u00bb de l\u2019ann\u00e9e \u00e9coul\u00e9e et les illustrera sous la forme de\u00a0<strong>situations cliniques interactives multiples<\/strong>, permettant des\u00a0<strong>\u00e9changes\u00a0et discussions avec les participants<\/strong>.<\/em><\/p><p><em>Le propos est avant tout pratique et volontairement affranchi des discussions d\u2019experts et de tout ce qui n\u2019a pas d\u2019impact clinique r\u00e9el. Il s\u2019agit\u00a0<strong>d\u2019\u00e9voquer librement, avec chaque expert, toutes les difficult\u00e9s rencontr\u00e9es en pratique quotidienne<\/strong>, avec l\u2019application des standards mais aussi et surtout les situations atypiques pour lesquelles il n\u2019y a jamais de v\u00e9rit\u00e9 scientifique absolue mais plut\u00f4t des donn\u00e9es d\u2019exp\u00e9rience\u00a0\u00bb<\/em><\/p>\t\t\t\t\t\t\t\t<\/div>\n\t\t\t\t<\/div>\n\t\t\t\t\t<\/div>\n\t\t<\/div>\n\t\t\t\t<div class=\"elementor-column elementor-col-50 elementor-top-column elementor-element elementor-element-2cf0b61\" data-id=\"2cf0b61\" data-element_type=\"column\" data-e-type=\"column\">\n\t\t\t<div class=\"elementor-widget-wrap elementor-element-populated\">\n\t\t\t\t\t\t<div class=\"elementor-element elementor-element-19c1cef elementor-widget elementor-widget-image\" data-id=\"19c1cef\" data-element_type=\"widget\" data-e-type=\"widget\" data-settings=\"{&quot;ekit_we_effect_on&quot;:&quot;none&quot;}\" data-widget_type=\"image.default\">\n\t\t\t\t<div class=\"elementor-widget-container\">\n\t\t\t\t\t\t\t\t\t\t\t\t\t\t\t<img decoding=\"async\" width=\"516\" height=\"557\" src=\"https:\/\/mao-monaco.org\/2025\/wp-content\/uploads\/2024\/04\/freyer-1-uai-516x557-1.png\" class=\"attachment-large size-large wp-image-2858\" alt=\"\" loading=\"lazy\" srcset=\"https:\/\/mao-monaco.org\/2025\/wp-content\/uploads\/2024\/04\/freyer-1-uai-516x557-1.png 516w, https:\/\/mao-monaco.org\/2025\/wp-content\/uploads\/2024\/04\/freyer-1-uai-516x557-1-278x300.png 278w\" sizes=\"auto, (max-width: 516px) 100vw, 516px\" \/>\t\t\t\t\t\t\t\t\t\t\t\t\t\t\t<\/div>\n\t\t\t\t<\/div>\n\t\t\t\t\t<\/div>\n\t\t<\/div>\n\t\t\t\t\t<\/div>\n\t\t<\/section>\n\t\t\t\t<section class=\"elementor-section elementor-top-section elementor-element elementor-element-dc14ebe elementor-section-boxed elementor-section-height-default elementor-section-height-default\" data-id=\"dc14ebe\" data-element_type=\"section\" data-e-type=\"section\" data-settings=\"{&quot;ekit_has_onepagescroll_dot&quot;:&quot;yes&quot;}\">\n\t\t\t\t\t\t<div class=\"elementor-container elementor-column-gap-default\">\n\t\t\t\t\t<div class=\"elementor-column elementor-col-100 elementor-top-column elementor-element elementor-element-af77142\" data-id=\"af77142\" data-element_type=\"column\" data-e-type=\"column\">\n\t\t\t<div class=\"elementor-widget-wrap elementor-element-populated\">\n\t\t\t\t\t\t<div class=\"elementor-element elementor-element-3b76fe2 elementor-align-justify elementor-widget elementor-widget-button\" data-id=\"3b76fe2\" data-element_type=\"widget\" data-e-type=\"widget\" data-settings=\"{&quot;ekit_we_effect_on&quot;:&quot;none&quot;}\" data-widget_type=\"button.default\">\n\t\t\t\t<div class=\"elementor-widget-container\">\n\t\t\t\t\t\t\t\t\t<div class=\"elementor-button-wrapper\">\n\t\t\t\t\t<a class=\"elementor-button elementor-button-link elementor-size-sm\" href=\"https:\/\/mao-monaco.org\/2025\/?page_id=2320\">\n\t\t\t\t\t\t<span class=\"elementor-button-content-wrapper\">\n\t\t\t\t\t\t\t\t\t<span class=\"elementor-button-text\">Je m\u2019inscris aux ateliers \u00ab Meet the experts \u00bb du WAO<\/span>\n\t\t\t\t\t<\/span>\n\t\t\t\t\t<\/a>\n\t\t\t\t<\/div>\n\t\t\t\t\t\t\t\t<\/div>\n\t\t\t\t<\/div>\n\t\t\t\t\t<\/div>\n\t\t<\/div>\n\t\t\t\t\t<\/div>\n\t\t<\/section>\n\t\t\t\t<\/div>\n\t\t <script type=\"text\/javascript\"> if (typeof(f_tFlgVISA) === typeof(Function))  \tf_tFlgVISA(null);  if (typeof(f_tFlgAllergia) === typeof(Function))  \tf_tFlgAllergia(null);  if (typeof(f_IDTipologia) === typeof(Function)) {  \tvar eObjTYPE = document.getElementById(\"id_IDTipologia\");  \tf_IDTipologia(eObjTYPE);  }  if (typeof(f_IDAttivita) === typeof(Function)) {  \tvar etFlgActivity = document.getElementById(\"id_IDAttivita\");  \tf_IDAttivita(etFlgActivity);  }  if (typeof(f_IDNazionalita) === typeof(Function)) {  \tvar etFlgNazionalita = document.getElementById(\"id_IDNazionalita\");  \tf_IDNazionalita(etFlgNazionalita);  }  if (typeof(f_IndFattIDNazione) === typeof(Function))  \tf_IndFattIDNazione(null);  if (typeof(f_IDDomanda13834) === typeof(Function)) {  \tvar etFlgDomanda13834 = document.getElementById(\"id_IDDomanda13834\");  \tif (etFlgDomanda13834 != null) {  \t\tf_IDDomanda13834(etFlgDomanda13834);  \t}  }  if (typeof(f_IDDomanda13836) === typeof(Function)) {  \tvar etFlgDomanda13836 = document.getElementById(\"id_IDDomanda13836\");  \tif (etFlgDomanda13836 != null) {  \t\tf_IDDomanda13836(etFlgDomanda13836);  \t}  }  if (typeof(f_IDDomanda13871) === typeof(Function)) {  \tvar etFlgDomanda13871 = document.getElementById(\"id_IDDomanda13871\");  \tif (etFlgDomanda13871 != null) {  \t\tf_IDDomanda13871(etFlgDomanda13871);  \t}  }  if (typeof(f_IDDomanda13875) === typeof(Function)) {  \tvar etFlgDomanda13875 = document.getElementById(\"id_IDDomanda13875\");  \tif (etFlgDomanda13875 != null) {  \t\tf_IDDomanda13875(etFlgDomanda13875);  \t}  }  if (typeof(f_IDDomanda13873) === typeof(Function)) {  \tvar etFlgDomanda13873 = document.getElementById(\"id_IDDomanda13873\");  \tif (etFlgDomanda13873 != null) {  \t\tf_IDDomanda13873(etFlgDomanda13873);  \t}  }  if (typeof(f_IDDomanda14691) === typeof(Function)) {  \tvar etFlgDomanda14691 = document.getElementById(\"id_IDDomanda14691\");  \tif (etFlgDomanda14691 != null) {  \t\tf_IDDomanda14691(etFlgDomanda14691);  \t}  }  if (typeof(f_IDDomanda14693) === typeof(Function)) {  \tvar etFlgDomanda14693 = document.getElementById(\"id_IDDomanda14693\");  \tif (etFlgDomanda14693 != null) {  \t\tf_IDDomanda14693(etFlgDomanda14693);  \t}  }  if (typeof(f_IDDomanda14814) === typeof(Function)) {  \tvar etFlgDomanda14814 = document.getElementById(\"id_IDDomanda14814\");  \tif (etFlgDomanda14814 != null) {  \t\tf_IDDomanda14814(etFlgDomanda14814);  \t}  }  <\/script>","protected":false},"excerpt":{"rendered":"<p>\u00abMeet the experts\u00bb Mercredi 29 janvier 2025 Sur inscription compl\u00e9mentaire Qu\u2019est-ce que les ateliers du Workshop Acc\u00e9l\u00e9r\u00e9 en Oncologie ? Un training intensif \u00e0 l\u2019attention des oncologues, quelle que soit leur pratique, g\u00e9n\u00e9raliste ou plus, sp\u00e9cialis\u00e9e sous forme d\u2019ateliers-rencontres avec des experts reconnus dans leur domaine. \u00ab\u00a0Des ateliers regroupant\u00a015 participants au maximum, en prise directe [&hellip;]<\/p>\n","protected":false},"author":3,"featured_media":0,"parent":0,"menu_order":0,"comment_status":"closed","ping_status":"closed","template":"","meta":{"footnotes":""},"class_list":["post-2851","page","type-page","status-publish","hentry"],"_links":{"self":[{"href":"https:\/\/mao-monaco.org\/2025\/index.php?rest_route=\/wp\/v2\/pages\/2851","targetHints":{"allow":["GET"]}}],"collection":[{"href":"https:\/\/mao-monaco.org\/2025\/index.php?rest_route=\/wp\/v2\/pages"}],"about":[{"href":"https:\/\/mao-monaco.org\/2025\/index.php?rest_route=\/wp\/v2\/types\/page"}],"author":[{"embeddable":true,"href":"https:\/\/mao-monaco.org\/2025\/index.php?rest_route=\/wp\/v2\/users\/3"}],"replies":[{"embeddable":true,"href":"https:\/\/mao-monaco.org\/2025\/index.php?rest_route=%2Fwp%2Fv2%2Fcomments&post=2851"}],"version-history":[{"count":35,"href":"https:\/\/mao-monaco.org\/2025\/index.php?rest_route=\/wp\/v2\/pages\/2851\/revisions"}],"predecessor-version":[{"id":3748,"href":"https:\/\/mao-monaco.org\/2025\/index.php?rest_route=\/wp\/v2\/pages\/2851\/revisions\/3748"}],"wp:attachment":[{"href":"https:\/\/mao-monaco.org\/2025\/index.php?rest_route=%2Fwp%2Fv2%2Fmedia&parent=2851"}],"curies":[{"name":"wp","href":"https:\/\/api.w.org\/{rel}","templated":true}]}}