{"id":3159,"date":"2024-05-03T07:19:39","date_gmt":"2024-05-03T07:19:39","guid":{"rendered":"https:\/\/mao-monaco.org\/2025\/?page_id=3159"},"modified":"2024-08-28T02:01:54","modified_gmt":"2024-08-28T02:01:54","slug":"login","status":"publish","type":"page","link":"https:\/\/mao-monaco.org\/2025\/?page_id=3159","title":{"rendered":"Connexion \/ Nouvelle inscription"},"content":{"rendered":"<p>&nbsp;<a name='GANGE_LOGIN_ANCHOR_LOGINNEWUSER'><\/a><div class=\"gange_madre_form gange_widget_register_div_login\"><FORM method=\"POST\" action=\"#GANGE_LOGIN_ANCHOR_LOGINNEWUSER\"><input type=\"hidden\" name=\"gange_widget_register_fast_Status\" value=\"1\"\/><input type=\"hidden\" id=\"gange_screen_width\" name=\"gange_screen_width\" value=\"\"\/><input type=\"hidden\" id=\"gange_screen_height\" name=\"gange_screen_height\" value=\"\"\/><script type=\"text\/javascript\">gange_GetScreenWidthHeight();<\/script><div class=\"gange_widget_register_table_login\"><div class=\"gange_widget_line_tEMail\" ><label name=\"tEMail\"\/>Email<\/label><input  id=\"id_tEMail\"  type=\"text\" class=\"gange_style_login_fieldtxt\" name=\"tEMailinput\" value=\"\"\/><\/div><div class=\"gange_widget_line_tPswd\" ><label name=\"tPswd\"\/>Mot de passe<\/label><div class=\"gange_style_login_fieldtxt_ShowHide\"><input  id=\"id_tPswd\"  type=\"password\" class=\"gange_style_login_fieldtxt\" name=\"tPswdinput\" value=\"\"\/><input id=\"id_tPswd_ShowHide2\" class=\"gange_style_login_fieldtxt_ShowHide2\" type=\"checkbox\" onclick=\"jqShowHidePassword('id_tPswd')\"><\/div><\/div><div class=\"gange_widget_line_WReg_CAPTCHA_Copy\" ><label name=\"WReg_CAPTCHA_Copy\"\/><small>Veuillez noter que ce mot de passe vous permettra d\u2019avoir acc\u00e8s \u00e0 votre espace personnel en amont, pendant et \u00e0 l\u2019issue de l\u2019\u00e9v\u00e8nement. Vous l\u2019utiliserez pour t\u00e9l\u00e9charger votre certificat de pr\u00e9sence \u00e0 l\u2019issue du congr\u00e8s. Il vous sera donc rappel\u00e9 quelques jours avant le d\u00e9but de la manifestation. Si vous craignez le partage de cette information par email, nous vous conseillons d\u2019utiliser un mot de passe unique que vous n\u2019utilisez pour aucun autre compte<\/small><br><br><b>\u2193<i>Veuillez recopier le code ci-dessous<\/i><\/b><\/label><\/div><div class=\"gange_style_login_Captcha\" ><div class=\"gange_style_login_labelCaptcha\" ><center><img decoding=\"async\" class=\"gange_style_img_labelCaptcha\" src=\"https:\/\/mao-monaco.org\/2025\/wp-content\/plugins\/gange\/LenaSCG.Gange.AE_GetCaptcha.php\"><\/center><\/div><div class=\"gange_style_login_fieldtxtCaptcha\" ><input type=\"text\" class=\"gange_style_login_fieldtxt\" name=\"GANGE_REG_CAPTCHA\" id=\"idGANGE_REG_CAPTCHA\"><\/input><\/div><\/div><\/div><p  align=\"center\"><button type=\"submit\" class=\"gange_widget_register_fast_submit_login\" name=\"gange_widget_register_fast_submit\" id=\"idgange_widget_register_fast_submit\" value=\"LogIn\">Connexion<\/button> <\/p><\/FORM><FORM method=\"POST\" action=\"#GANGE_LOGIN_ANCHOR_LOGINNEWUSER\"><div class=\"gange_widget_register_div_FrgPsw\"><input type=\"hidden\" name=\"gange_widget_register_fast_Status\" value=\"1\"\/><input type=\"hidden\" name=\"gange_widget_register_fast_submit\" value=\"FrgPsw\"\/><button class=\"gange_widget_register_fast_submit\">Mot de passe oubli\u00e9?<\/button><\/div><\/FORM><\/div><br \/>\n<\/p>\n <script type=\"text\/javascript\"> if (typeof(f_tFlgVISA) === typeof(Function))  \tf_tFlgVISA(null);  if (typeof(f_tFlgAllergia) === typeof(Function))  \tf_tFlgAllergia(null);  if (typeof(f_IDTipologia) === typeof(Function)) {  \tvar eObjTYPE = document.getElementById(\"id_IDTipologia\");  \tf_IDTipologia(eObjTYPE);  }  if (typeof(f_IDAttivita) === typeof(Function)) {  \tvar etFlgActivity = document.getElementById(\"id_IDAttivita\");  \tf_IDAttivita(etFlgActivity);  }  if (typeof(f_IDNazionalita) === typeof(Function)) {  \tvar etFlgNazionalita = document.getElementById(\"id_IDNazionalita\");  \tf_IDNazionalita(etFlgNazionalita);  }  if (typeof(f_IndFattIDNazione) === typeof(Function))  \tf_IndFattIDNazione(null);  if (typeof(f_IDDomanda13834) === typeof(Function)) {  \tvar etFlgDomanda13834 = document.getElementById(\"id_IDDomanda13834\");  \tif (etFlgDomanda13834 != null) {  \t\tf_IDDomanda13834(etFlgDomanda13834);  \t}  }  if (typeof(f_IDDomanda13836) === typeof(Function)) {  \tvar etFlgDomanda13836 = document.getElementById(\"id_IDDomanda13836\");  \tif (etFlgDomanda13836 != null) {  \t\tf_IDDomanda13836(etFlgDomanda13836);  \t}  }  if (typeof(f_IDDomanda13871) === typeof(Function)) {  \tvar etFlgDomanda13871 = document.getElementById(\"id_IDDomanda13871\");  \tif (etFlgDomanda13871 != null) {  \t\tf_IDDomanda13871(etFlgDomanda13871);  \t}  }  if (typeof(f_IDDomanda13875) === typeof(Function)) {  \tvar etFlgDomanda13875 = document.getElementById(\"id_IDDomanda13875\");  \tif (etFlgDomanda13875 != null) {  \t\tf_IDDomanda13875(etFlgDomanda13875);  \t}  }  if (typeof(f_IDDomanda13873) === typeof(Function)) {  \tvar etFlgDomanda13873 = document.getElementById(\"id_IDDomanda13873\");  \tif (etFlgDomanda13873 != null) {  \t\tf_IDDomanda13873(etFlgDomanda13873);  \t}  }  if (typeof(f_IDDomanda14691) === typeof(Function)) {  \tvar etFlgDomanda14691 = document.getElementById(\"id_IDDomanda14691\");  \tif (etFlgDomanda14691 != null) {  \t\tf_IDDomanda14691(etFlgDomanda14691);  \t}  }  if (typeof(f_IDDomanda14693) === typeof(Function)) {  \tvar etFlgDomanda14693 = document.getElementById(\"id_IDDomanda14693\");  \tif (etFlgDomanda14693 != null) {  \t\tf_IDDomanda14693(etFlgDomanda14693);  \t}  }  if (typeof(f_IDDomanda14814) === typeof(Function)) {  \tvar etFlgDomanda14814 = document.getElementById(\"id_IDDomanda14814\");  \tif (etFlgDomanda14814 != null) {  \t\tf_IDDomanda14814(etFlgDomanda14814);  \t}  }  <\/script>","protected":false},"excerpt":{"rendered":"<p>&nbsp;EmailMot de passeVeuillez noter que ce mot de passe vous permettra d\u2019avoir acc\u00e8s \u00e0 votre espace personnel en amont, pendant et \u00e0 l\u2019issue de l\u2019\u00e9v\u00e8nement. Vous l\u2019utiliserez pour t\u00e9l\u00e9charger votre certificat de pr\u00e9sence \u00e0 l\u2019issue du congr\u00e8s. Il vous sera donc rappel\u00e9 quelques jours avant le d\u00e9but de la manifestation. Si vous craignez le partage [&hellip;]<\/p>\n","protected":false},"author":1,"featured_media":0,"parent":3149,"menu_order":0,"comment_status":"closed","ping_status":"closed","template":"","meta":{"footnotes":""},"class_list":["post-3159","page","type-page","status-publish","hentry"],"_links":{"self":[{"href":"https:\/\/mao-monaco.org\/2025\/index.php?rest_route=\/wp\/v2\/pages\/3159","targetHints":{"allow":["GET"]}}],"collection":[{"href":"https:\/\/mao-monaco.org\/2025\/index.php?rest_route=\/wp\/v2\/pages"}],"about":[{"href":"https:\/\/mao-monaco.org\/2025\/index.php?rest_route=\/wp\/v2\/types\/page"}],"author":[{"embeddable":true,"href":"https:\/\/mao-monaco.org\/2025\/index.php?rest_route=\/wp\/v2\/users\/1"}],"replies":[{"embeddable":true,"href":"https:\/\/mao-monaco.org\/2025\/index.php?rest_route=%2Fwp%2Fv2%2Fcomments&post=3159"}],"version-history":[{"count":3,"href":"https:\/\/mao-monaco.org\/2025\/index.php?rest_route=\/wp\/v2\/pages\/3159\/revisions"}],"predecessor-version":[{"id":4059,"href":"https:\/\/mao-monaco.org\/2025\/index.php?rest_route=\/wp\/v2\/pages\/3159\/revisions\/4059"}],"up":[{"embeddable":true,"href":"https:\/\/mao-monaco.org\/2025\/index.php?rest_route=\/wp\/v2\/pages\/3149"}],"wp:attachment":[{"href":"https:\/\/mao-monaco.org\/2025\/index.php?rest_route=%2Fwp%2Fv2%2Fmedia&parent=3159"}],"curies":[{"name":"wp","href":"https:\/\/api.w.org\/{rel}","templated":true}]}}